{"id":5869,"date":"2026-04-21T05:35:18","date_gmt":"2026-04-21T05:35:18","guid":{"rendered":"https:\/\/xpartnersgroup.com\/?page_id=5869"},"modified":"2026-04-21T08:57:09","modified_gmt":"2026-04-21T08:57:09","slug":"styrelsen","status":"publish","type":"page","link":"https:\/\/xpartnersgroup.com\/sv\/styrelsen\/","title":{"rendered":"Styrelsen"},"content":{"rendered":"    <section  class=\"sub-page-hero-alt\">\n        <div class=\"container\">\n            <div class=\"content\">\n                <div class=\"content-inner\">\n                    <div class=\"row\">\n                        <div class=\"col-lg-6\">\n                                                            <h1 class=\"text-3xl\">Styrelsen<\/h1>\n                            \n                        <\/div>\n                        <div class=\"col-lg-6\">\n                            <p><\/p>\n                        <\/div>\n                    <\/div>\n              \n\n                <\/div>\n            <\/div>\n        <\/div>\n    <\/section>\n\n\n    <div class=\"member-page\">\n        <div class=\"container\">\n\n            <div class=\"modal fade\" id=\"MemberDetails\" tabindex=\"-1\" aria-labelledby=\"MemberDetails\" aria-hidden=\"true\">\n                <div class=\"modal-dialog modal-dialog-centered modal-xl\">\n                    <div class=\"modal-content\">\n                        <div id=\"member-details-panel\" class=\"member-details-panel\">\n                            <div class=\"details-panel-header\">\n                                <button type=\"button\" id=\"close-details-panel\" class=\"close-btn\" data-bs-dismiss=\"modal\" aria-label=\"Close\"> &times;<\/button>\n                            <\/div>\n                            <div id=\"details-content\"><\/div>\n                        <\/div>\n                    <\/div>\n                <\/div>\n            <\/div>\n\n            <div id=\"board-members\" class=\"board-members grid-view\">\n                <div class=\"grid-view-container row-gap-2 row gx-3\">\n\n                                                <div class=\"col-md-6 col-xl-4\" data-list=\"items\">\n                                <div class=\"member-header\">\n                                    <div\n                                        class=\"member-image\"\n                                        type=\"button\"\n                                        onclick=\"toggleMemberDetails(0)\"\n                                        data-bs-toggle=\"modal\"\n                                        data-bs-target=\"#MemberDetails\">\n                                                                                    <img decoding=\"async\" src=\"https:\/\/xpartnersgroup.com\/wp-content\/uploads\/2026\/04\/Mats-O.-Paulsson.jpg\" alt=\"Mats O. Paulsson\" title=\"Mats O. Paulsson\" class=\"img-fluid\" \/>\n                                                                            <\/div>\n                                    <div class=\"member-info\">\n                                        <h3>Mats O. Paulsson<\/h3>\n                                        <p>Styrelseordf\u00f6rande<\/p>\n                                    <\/div>\n                                <\/div>\n\n                                <div class=\"member-details\" id=\"member-details-0\" style=\"display: none;\">\n                                    <div class=\"details-content\">\n                                                                                    <img decoding=\"async\" src=\"https:\/\/xpartnersgroup.com\/wp-content\/uploads\/2026\/04\/Mats-O.-Paulsson.jpg\" alt=\"Mats O. Paulsson\" title=\"Mats O. Paulsson\" \/>\n                                                                                <div class=\"member-description\">\n                                            <h2 class=\"member-name\">Mats O. Paulsson<\/h2>\n                                            <p class=\"member-post\">Styrelseordf\u00f6rande<\/p>\n                                            <p>F\u00f6dd 1958.<br \/>\nStyrelseledamot sedan 2023.<\/p>\n<p><strong>Utbildning:<\/strong> Civilingenj\u00f6r, Lunds universitet.<br \/>\n<strong>Nuvarande befattningar:<\/strong> Styrelseordf\u00f6rande, Nordisk Bergteknik.<br \/>\n<strong>Tidigare befattningar:<\/strong> Koncernchef, Eleda. VD, Peab Industri. VD, Swerock.<\/p>\n                                                                                            <a href=\"https:\/\/www.linkedin.com\/in\/mats-o-paulsson-b989b810\/\" class=\"view-company-btn btn btn-secondary\" target=\"_blank\">\n                                                    LinkedIn                                                    <svg width=\"26\" height=\"15\" viewBox=\"0 0 26 15\" fill=\"none\" xmlns=\"http:\/\/www.w3.org\/2000\/svg\">\n<path d=\"M1.9375 7.5H24.625M24.625 7.5L17.9219 1M24.625 7.5L17.9219 14\" stroke=\"black\" stroke-width=\"2\" stroke-linecap=\"round\" stroke-linejoin=\"round\"\/>\n<\/svg>\n                                                <\/a>\n                                                                                    <\/div>\n                                    <\/div>\n                                <\/div>\n                            <\/div>\n                                                <div class=\"col-md-6 col-xl-4\" data-list=\"items\">\n                                <div class=\"member-header\">\n                                    <div\n                                        class=\"member-image\"\n                                        type=\"button\"\n                                        onclick=\"toggleMemberDetails(1)\"\n                                        data-bs-toggle=\"modal\"\n                                        data-bs-target=\"#MemberDetails\">\n                                                                                    <img decoding=\"async\" src=\"https:\/\/xpartnersgroup.com\/wp-content\/uploads\/2026\/04\/Birgit-W.-Norgaard.jpg\" alt=\"Birgit W. N\u00f8rgaard\" title=\"Birgit W. N\u00f8rgaard\" class=\"img-fluid\" \/>\n                                                                            <\/div>\n                                    <div class=\"member-info\">\n                                        <h3>Birgit W. N\u00f8rgaard<\/h3>\n                                        <p>Styrelsemedlem<\/p>\n                                    <\/div>\n                                <\/div>\n\n                                <div class=\"member-details\" id=\"member-details-1\" style=\"display: none;\">\n                                    <div class=\"details-content\">\n                                                                                    <img decoding=\"async\" src=\"https:\/\/xpartnersgroup.com\/wp-content\/uploads\/2026\/04\/Birgit-W.-Norgaard.jpg\" alt=\"Birgit W. N\u00f8rgaard\" title=\"Birgit W. N\u00f8rgaard\" \/>\n                                                                                <div class=\"member-description\">\n                                            <h2 class=\"member-name\">Birgit W. N\u00f8rgaard<\/h2>\n                                            <p class=\"member-post\">Styrelsemedlem<\/p>\n                                            <p>F\u00f6dd 1958.<br \/>\nStyrelseledamot sedan 2025.<\/p>\n<p><strong>Utbildning:<\/strong> Civilekonom (MSc), Copenhagen Business School. MBA, INSEAD.<br \/>\n<strong>Nuvarande befattningar:<\/strong> Styrelseledamot (Non-Executive Director), NCC. Ordf\u00f6rande, Scandlines. Ordf\u00f6rande, Norisol. Styrelseledamot (Non-Executive Director), Associated British Ports. Styrelseledamot (Non-Executive Director), Associated Danish Ports. Vice ordf\u00f6rande, danska statens IT-r\u00e5d.<br \/>\n<strong>Tidigare befattningar:<\/strong> Styrelseledamot (Non-Executive Director), WSP Global. Styrelseledamot (Non-Executive Director), DSV. Med flera.<\/p>\n                                                                                            <a href=\"https:\/\/www.linkedin.com\/in\/birgit-w-n%C3%B8rgaard-9a5aa714\/\" class=\"view-company-btn btn btn-secondary\" target=\"_blank\">\n                                                    LinkedIn                                                    <svg width=\"26\" height=\"15\" viewBox=\"0 0 26 15\" fill=\"none\" xmlns=\"http:\/\/www.w3.org\/2000\/svg\">\n<path d=\"M1.9375 7.5H24.625M24.625 7.5L17.9219 1M24.625 7.5L17.9219 14\" stroke=\"black\" stroke-width=\"2\" stroke-linecap=\"round\" stroke-linejoin=\"round\"\/>\n<\/svg>\n                                                <\/a>\n                                                                                    <\/div>\n                                    <\/div>\n                                <\/div>\n                            <\/div>\n                                                <div class=\"col-md-6 col-xl-4\" data-list=\"items\">\n                                <div class=\"member-header\">\n                                    <div\n                                        class=\"member-image\"\n                                        type=\"button\"\n                                        onclick=\"toggleMemberDetails(2)\"\n                                        data-bs-toggle=\"modal\"\n                                        data-bs-target=\"#MemberDetails\">\n                                                                                    <img decoding=\"async\" src=\"https:\/\/xpartnersgroup.com\/wp-content\/uploads\/2026\/04\/Olle-Bertfelt.jpg\" alt=\"Olle Bertfelt\" title=\"Olle Bertfelt\" class=\"img-fluid\" \/>\n                                                                            <\/div>\n                                    <div class=\"member-info\">\n                                        <h3>Olle Bertfelt<\/h3>\n                                        <p>Styrelsemedlem<\/p>\n                                    <\/div>\n                                <\/div>\n\n                                <div class=\"member-details\" id=\"member-details-2\" style=\"display: none;\">\n                                    <div class=\"details-content\">\n                                                                                    <img decoding=\"async\" src=\"https:\/\/xpartnersgroup.com\/wp-content\/uploads\/2026\/04\/Olle-Bertfelt.jpg\" alt=\"Olle Bertfelt\" title=\"Olle Bertfelt\" \/>\n                                                                                <div class=\"member-description\">\n                                            <h2 class=\"member-name\">Olle Bertfelt<\/h2>\n                                            <p class=\"member-post\">Styrelsemedlem<\/p>\n                                            <p>F\u00f6dd 1953.<br \/>\nStyrelseledamot sedan 2021.<\/p>\n<p><strong>Utbildning:<\/strong> Civilingenj\u00f6r, KTH Kungliga Tekniska h\u00f6gskolan.<br \/>\n<strong>Nuvarande befattningar:<\/strong> Ordf\u00f6rande, Currentum. Ordf\u00f6rande, Reledo. Styrelseledamot, Courtier. Ordf\u00f6rande, Amrox Group. Med flera.<br \/>\n<strong>Tidigare befattningar:<\/strong> Senior Partner, Projektengagemang. Styrelseledamot.<\/p>\n                                                                                            <a href=\"https:\/\/www.linkedin.com\/in\/olle-bertfelt-a6a3bb10\/\" class=\"view-company-btn btn btn-secondary\" target=\"_blank\">\n                                                    LinkedIn                                                    <svg width=\"26\" height=\"15\" viewBox=\"0 0 26 15\" fill=\"none\" xmlns=\"http:\/\/www.w3.org\/2000\/svg\">\n<path d=\"M1.9375 7.5H24.625M24.625 7.5L17.9219 1M24.625 7.5L17.9219 14\" stroke=\"black\" stroke-width=\"2\" stroke-linecap=\"round\" stroke-linejoin=\"round\"\/>\n<\/svg>\n                                                <\/a>\n                                                                                    <\/div>\n                                    <\/div>\n                                <\/div>\n                            <\/div>\n                                                <div class=\"col-md-6 col-xl-4\" data-list=\"items\">\n                                <div class=\"member-header\">\n                                    <div\n                                        class=\"member-image\"\n                                        type=\"button\"\n                                        onclick=\"toggleMemberDetails(3)\"\n                                        data-bs-toggle=\"modal\"\n                                        data-bs-target=\"#MemberDetails\">\n                                                                                    <img decoding=\"async\" src=\"https:\/\/xpartnersgroup.com\/wp-content\/uploads\/2026\/04\/Thomas-Blomqvist.png\" alt=\"Thomas Blomqvist\" title=\"Thomas Blomqvist\" class=\"img-fluid\" \/>\n                                                                            <\/div>\n                                    <div class=\"member-info\">\n                                        <h3>Thomas Blomqvist<\/h3>\n                                        <p>Styrelsemedlem<\/p>\n                                    <\/div>\n                                <\/div>\n\n                                <div class=\"member-details\" id=\"member-details-3\" style=\"display: none;\">\n                                    <div class=\"details-content\">\n                                                                                    <img decoding=\"async\" src=\"https:\/\/xpartnersgroup.com\/wp-content\/uploads\/2026\/04\/Thomas-Blomqvist.png\" alt=\"Thomas Blomqvist\" title=\"Thomas Blomqvist\" \/>\n                                                                                <div class=\"member-description\">\n                                            <h2 class=\"member-name\">Thomas Blomqvist<\/h2>\n                                            <p class=\"member-post\">Styrelsemedlem<\/p>\n                                            <p>F\u00f6dd 1968.<br \/>\nStyrelseledamot sedan 2023.<\/p>\n<p><strong>Utbildning:<\/strong> MSc i finans och internationell business, Handelsh\u00f6gskolan i Stockholm. MBA, INSEAD.<br \/>\n<strong>Nuvarande befattningar:<\/strong> Partner, Axcel. Vice styrelseordf\u00f6rande, XPartners, Currentum, Acurum och Oral Care. Styrelseledamot, Init.<br \/>\n<strong>Tidigare befattningar:<\/strong> Partner, The Riverside Company. Partner, ABG Sundal Collier. Vice President, Morgan Stanley. Associate, JP Morgan.<\/p>\n                                                                                            <a href=\"https:\/\/www.linkedin.com\/in\/thomas-blomqvist-308381b3\/\" class=\"view-company-btn btn btn-secondary\" target=\"_blank\">\n                                                    LinkedIn                                                    <svg width=\"26\" height=\"15\" viewBox=\"0 0 26 15\" fill=\"none\" xmlns=\"http:\/\/www.w3.org\/2000\/svg\">\n<path d=\"M1.9375 7.5H24.625M24.625 7.5L17.9219 1M24.625 7.5L17.9219 14\" stroke=\"black\" stroke-width=\"2\" stroke-linecap=\"round\" stroke-linejoin=\"round\"\/>\n<\/svg>\n                                                <\/a>\n                                                                                    <\/div>\n                                    <\/div>\n                                <\/div>\n                            <\/div>\n                                                <div class=\"col-md-6 col-xl-4\" data-list=\"items\">\n                                <div class=\"member-header\">\n                                    <div\n                                        class=\"member-image\"\n                                        type=\"button\"\n                                        onclick=\"toggleMemberDetails(4)\"\n                                        data-bs-toggle=\"modal\"\n                                        data-bs-target=\"#MemberDetails\">\n                                                                                    <img decoding=\"async\" src=\"https:\/\/xpartnersgroup.com\/wp-content\/uploads\/2026\/04\/Peter-Lindstrom.jpg\" alt=\"Peter Lindstr\u00f6m\" title=\"Peter Lindstr\u00f6m\" class=\"img-fluid\" \/>\n                                                                            <\/div>\n                                    <div class=\"member-info\">\n                                        <h3>Peter Lindstr\u00f6m<\/h3>\n                                        <p>Styrelsemedlem<\/p>\n                                    <\/div>\n                                <\/div>\n\n                                <div class=\"member-details\" id=\"member-details-4\" style=\"display: none;\">\n                                    <div class=\"details-content\">\n                                                                                    <img decoding=\"async\" src=\"https:\/\/xpartnersgroup.com\/wp-content\/uploads\/2026\/04\/Peter-Lindstrom.jpg\" alt=\"Peter Lindstr\u00f6m\" title=\"Peter Lindstr\u00f6m\" \/>\n                                                                                <div class=\"member-description\">\n                                            <h2 class=\"member-name\">Peter Lindstr\u00f6m<\/h2>\n                                            <p class=\"member-post\">Styrelsemedlem<\/p>\n                                            <p>F\u00f6dd 1959.<br \/>\nStyrelseledamot sedan 2021.<\/p>\n<p><strong>Utbildning:<\/strong> Civilekonom (MSc), Stockholms universitet.<br \/>\n<strong>Nuvarande befattningar:<\/strong> Partner, Evolver Equity.<br \/>\n<strong>Tidigare befattningar:<\/strong> VD, Carpark. Med flera.<\/p>\n                                                                                            <a href=\"https:\/\/www.linkedin.com\/in\/peter-lindstr%C3%B6m-80b191a\/\" class=\"view-company-btn btn btn-secondary\" target=\"_blank\">\n                                                    LinkedIn                                                    <svg width=\"26\" height=\"15\" viewBox=\"0 0 26 15\" fill=\"none\" xmlns=\"http:\/\/www.w3.org\/2000\/svg\">\n<path d=\"M1.9375 7.5H24.625M24.625 7.5L17.9219 1M24.625 7.5L17.9219 14\" stroke=\"black\" stroke-width=\"2\" stroke-linecap=\"round\" stroke-linejoin=\"round\"\/>\n<\/svg>\n                                                <\/a>\n                                                                                    <\/div>\n                                    <\/div>\n                                <\/div>\n                            <\/div>\n                                                <div class=\"col-md-6 col-xl-4\" data-list=\"items\">\n                                <div class=\"member-header\">\n                                    <div\n                                        class=\"member-image\"\n                                        type=\"button\"\n                                        onclick=\"toggleMemberDetails(5)\"\n                                        data-bs-toggle=\"modal\"\n                                        data-bs-target=\"#MemberDetails\">\n                                                                                    <img decoding=\"async\" src=\"https:\/\/xpartnersgroup.com\/wp-content\/uploads\/2026\/04\/Olaf-Demuth.jpg\" alt=\"Olaf Demuth\" title=\"Olaf Demuth\" class=\"img-fluid\" \/>\n                                                                            <\/div>\n                                    <div class=\"member-info\">\n                                        <h3>Olaf Demuth<\/h3>\n                                        <p>Styrelsemedlem<\/p>\n                                    <\/div>\n                                <\/div>\n\n                                <div class=\"member-details\" id=\"member-details-5\" style=\"display: none;\">\n                                    <div class=\"details-content\">\n                                                                                    <img decoding=\"async\" src=\"https:\/\/xpartnersgroup.com\/wp-content\/uploads\/2026\/04\/Olaf-Demuth.jpg\" alt=\"Olaf Demuth\" title=\"Olaf Demuth\" \/>\n                                                                                <div class=\"member-description\">\n                                            <h2 class=\"member-name\">Olaf Demuth<\/h2>\n                                            <p class=\"member-post\">Styrelsemedlem<\/p>\n                                            <p>F\u00f6dd 1962.<br \/>\nStyrelseledamot sedan 2026.<\/p>\n<p><strong>Utbildning:<\/strong> Diplomingenj\u00f6r (Dipl.-Ing.) i byggteknik, Hamburg.<br \/>\n<strong>Nuvarande befattningar:<\/strong> Styrelseledamot, Zech Group SE.<br \/>\n<strong>Tidigare befattningar:<\/strong> Styrelseledamot, Z\u00fcblin AG. Styrelseledamot, Zech Group GmbH. Med flera.<\/p>\n                                                                                            <a href=\"https:\/\/www.linkedin.com\/in\/olaf-demuth-b41b38102\/\" class=\"view-company-btn btn btn-secondary\" target=\"_blank\">\n                                                    LinkedIn                                                    <svg width=\"26\" height=\"15\" viewBox=\"0 0 26 15\" fill=\"none\" xmlns=\"http:\/\/www.w3.org\/2000\/svg\">\n<path d=\"M1.9375 7.5H24.625M24.625 7.5L17.9219 1M24.625 7.5L17.9219 14\" stroke=\"black\" stroke-width=\"2\" stroke-linecap=\"round\" stroke-linejoin=\"round\"\/>\n<\/svg>\n                                                <\/a>\n                                                                                    <\/div>\n                                    <\/div>\n                                <\/div>\n                            <\/div>\n                                    <\/div>\n            <\/div>\n\n        <\/div>\n    <\/div>\n","protected":false},"excerpt":{"rendered":"","protected":false},"author":1,"featured_media":0,"parent":0,"menu_order":0,"comment_status":"closed","ping_status":"closed","template":"","meta":{"footnotes":""},"class_list":["post-5869","page","type-page","status-publish","hentry"],"acf":[],"yoast_head":"<!-- This site is optimized with the Yoast SEO plugin v25.3.1 - https:\/\/yoast.com\/wordpress\/plugins\/seo\/ -->\n<title>Styrelsen - XPartners<\/title>\n<meta name=\"robots\" content=\"index, follow, max-snippet:-1, max-image-preview:large, max-video-preview:-1\" \/>\n<link rel=\"canonical\" href=\"https:\/\/xpartnersgroup.com\/sv\/styrelsen\/\" \/>\n<meta property=\"og:locale\" content=\"sv_SE\" \/>\n<meta property=\"og:type\" content=\"article\" \/>\n<meta property=\"og:title\" content=\"Styrelsen - XPartners\" \/>\n<meta property=\"og:url\" content=\"https:\/\/xpartnersgroup.com\/sv\/styrelsen\/\" \/>\n<meta property=\"og:site_name\" content=\"XPartners\" \/>\n<meta property=\"article:modified_time\" content=\"2026-04-21T08:57:09+00:00\" \/>\n<meta name=\"twitter:card\" content=\"summary_large_image\" \/>\n<script type=\"application\/ld+json\" class=\"yoast-schema-graph\">{\"@context\":\"https:\/\/schema.org\",\"@graph\":[{\"@type\":\"WebPage\",\"@id\":\"https:\/\/xpartnersgroup.com\/sv\/styrelsen\/\",\"url\":\"https:\/\/xpartnersgroup.com\/sv\/styrelsen\/\",\"name\":\"Styrelsen - XPartners\",\"isPartOf\":{\"@id\":\"https:\/\/xpartnersgroup.com\/#website\"},\"datePublished\":\"2026-04-21T05:35:18+00:00\",\"dateModified\":\"2026-04-21T08:57:09+00:00\",\"breadcrumb\":{\"@id\":\"https:\/\/xpartnersgroup.com\/sv\/styrelsen\/#breadcrumb\"},\"inLanguage\":\"sv-SE\",\"potentialAction\":[{\"@type\":\"ReadAction\",\"target\":[\"https:\/\/xpartnersgroup.com\/sv\/styrelsen\/\"]}]},{\"@type\":\"BreadcrumbList\",\"@id\":\"https:\/\/xpartnersgroup.com\/sv\/styrelsen\/#breadcrumb\",\"itemListElement\":[{\"@type\":\"ListItem\",\"position\":1,\"name\":\"Home\",\"item\":\"https:\/\/xpartnersgroup.com\/sv\/\"},{\"@type\":\"ListItem\",\"position\":2,\"name\":\"Styrelsen\"}]},{\"@type\":\"WebSite\",\"@id\":\"https:\/\/xpartnersgroup.com\/#website\",\"url\":\"https:\/\/xpartnersgroup.com\/\",\"name\":\"XPartners\",\"description\":\"\",\"potentialAction\":[{\"@type\":\"SearchAction\",\"target\":{\"@type\":\"EntryPoint\",\"urlTemplate\":\"https:\/\/xpartnersgroup.com\/?s={search_term_string}\"},\"query-input\":{\"@type\":\"PropertyValueSpecification\",\"valueRequired\":true,\"valueName\":\"search_term_string\"}}],\"inLanguage\":\"sv-SE\"}]}<\/script>\n<!-- \/ Yoast SEO plugin. -->","yoast_head_json":{"title":"Styrelsen - XPartners","robots":{"index":"index","follow":"follow","max-snippet":"max-snippet:-1","max-image-preview":"max-image-preview:large","max-video-preview":"max-video-preview:-1"},"canonical":"https:\/\/xpartnersgroup.com\/sv\/styrelsen\/","og_locale":"sv_SE","og_type":"article","og_title":"Styrelsen - XPartners","og_url":"https:\/\/xpartnersgroup.com\/sv\/styrelsen\/","og_site_name":"XPartners","article_modified_time":"2026-04-21T08:57:09+00:00","twitter_card":"summary_large_image","schema":{"@context":"https:\/\/schema.org","@graph":[{"@type":"WebPage","@id":"https:\/\/xpartnersgroup.com\/sv\/styrelsen\/","url":"https:\/\/xpartnersgroup.com\/sv\/styrelsen\/","name":"Styrelsen - XPartners","isPartOf":{"@id":"https:\/\/xpartnersgroup.com\/#website"},"datePublished":"2026-04-21T05:35:18+00:00","dateModified":"2026-04-21T08:57:09+00:00","breadcrumb":{"@id":"https:\/\/xpartnersgroup.com\/sv\/styrelsen\/#breadcrumb"},"inLanguage":"sv-SE","potentialAction":[{"@type":"ReadAction","target":["https:\/\/xpartnersgroup.com\/sv\/styrelsen\/"]}]},{"@type":"BreadcrumbList","@id":"https:\/\/xpartnersgroup.com\/sv\/styrelsen\/#breadcrumb","itemListElement":[{"@type":"ListItem","position":1,"name":"Home","item":"https:\/\/xpartnersgroup.com\/sv\/"},{"@type":"ListItem","position":2,"name":"Styrelsen"}]},{"@type":"WebSite","@id":"https:\/\/xpartnersgroup.com\/#website","url":"https:\/\/xpartnersgroup.com\/","name":"XPartners","description":"","potentialAction":[{"@type":"SearchAction","target":{"@type":"EntryPoint","urlTemplate":"https:\/\/xpartnersgroup.com\/?s={search_term_string}"},"query-input":{"@type":"PropertyValueSpecification","valueRequired":true,"valueName":"search_term_string"}}],"inLanguage":"sv-SE"}]}},"_links":{"self":[{"href":"https:\/\/xpartnersgroup.com\/sv\/wp-json\/wp\/v2\/pages\/5869","targetHints":{"allow":["GET"]}}],"collection":[{"href":"https:\/\/xpartnersgroup.com\/sv\/wp-json\/wp\/v2\/pages"}],"about":[{"href":"https:\/\/xpartnersgroup.com\/sv\/wp-json\/wp\/v2\/types\/page"}],"author":[{"embeddable":true,"href":"https:\/\/xpartnersgroup.com\/sv\/wp-json\/wp\/v2\/users\/1"}],"replies":[{"embeddable":true,"href":"https:\/\/xpartnersgroup.com\/sv\/wp-json\/wp\/v2\/comments?post=5869"}],"version-history":[{"count":4,"href":"https:\/\/xpartnersgroup.com\/sv\/wp-json\/wp\/v2\/pages\/5869\/revisions"}],"predecessor-version":[{"id":5974,"href":"https:\/\/xpartnersgroup.com\/sv\/wp-json\/wp\/v2\/pages\/5869\/revisions\/5974"}],"wp:attachment":[{"href":"https:\/\/xpartnersgroup.com\/sv\/wp-json\/wp\/v2\/media?parent=5869"}],"curies":[{"name":"wp","href":"https:\/\/api.w.org\/{rel}","templated":true}]}}