{"id":5016,"date":"2026-01-16T10:13:50","date_gmt":"2026-01-16T10:13:50","guid":{"rendered":"https:\/\/xpartnersgroup.com\/?page_id=5016"},"modified":"2026-01-16T10:16:38","modified_gmt":"2026-01-16T10:16:38","slug":"integritetspolicy","status":"publish","type":"page","link":"https:\/\/xpartnersgroup.com\/sv\/integritetspolicy\/","title":{"rendered":"Data Integritetspolicy (GDPR)"},"content":{"rendered":"    \n        \n                    <p class=\"p1\">XPartners v\u00e4rnar om din integritet. I denna data integritetspolicy beskriver vi hur vi behandlar personuppgifter n\u00e4r du bes\u00f6ker v\u00e5r webbplats, kontaktar oss eller interagerar med oss digitalt. Du f\u00e5r ocks\u00e5 information om vilka r\u00e4ttigheter du har enligt dataskyddsf\u00f6rordningen (GDPR).<\/p>\n<ol class=\"ol1\">\n<li><b>Personuppgiftsansvarig<\/b>\n<p class=\"p1\">XPartners \u00e4r personuppgiftsansvarig f\u00f6r behandlingen av dina personuppgifter enligt denna policy.<\/p>\n<p class=\"p1\"><b>Kontakt:<\/b> E-post: <b>hello@xpartnersgroup.com<\/b><\/p>\n<\/li>\n<li><b>Vilka personuppgifter vi samlar in<\/b>\n<p class=\"p1\">Beroende p\u00e5 hur du anv\u00e4nder webbplatsen kan vi samla in f\u00f6ljande typer av personuppgifter:<\/p>\n<ul class=\"ul1\">\n<li>Kontaktuppgifter: namn, e-postadress, telefonnummer, f\u00f6retag och yrkestitel<\/li>\n<li>Kommunikation: inneh\u00e5ll i meddelanden du skickar till oss<\/li>\n<li>Teknisk information: IP-adress, webbl\u00e4sartyp, enhetsinformation, spr\u00e5k, tidszon<\/li>\n<li>Webbplatsdata: hur du anv\u00e4nder webbplatsen (cookies etc.)<\/li>\n<\/ul>\n<\/li>\n<li><b>Varf\u00f6r vi behandlar dina personuppgifter (\u00e4ndam\u00e5l)<\/b>\n<p class=\"p1\">Vi behandlar personuppgifter f\u00f6r f\u00f6ljande syften:<\/p>\n<p class=\"p1\"><b>A.<\/b> Hantera fr\u00e5gor och kontaktf\u00f6rfr\u00e5gningar<\/p>\n<p class=\"p1\"><b>B.<\/b> Utveckla och f\u00f6rb\u00e4ttra webbplatsen<\/p>\n<p class=\"p1\"><b>C.<\/b> Marknadsf\u00f6ra v\u00e5ra tj\u00e4nster och skapa aff\u00e4rsdialog<\/p>\n<\/li>\n<li><b>Laglig grund f\u00f6r behandlingen<\/b>\n<p class=\"p1\">Vi behandlar personuppgifter med st\u00f6d av f\u00f6ljande lagliga grunder:<\/p>\n<ul class=\"ul1\">\n<li><b>Ber\u00e4ttigat intresse<\/b>: besvara f\u00f6rfr\u00e5gningar, utveckla webbplatsen, aff\u00e4rsdialog<\/li>\n<li><b>Avtal<\/b>: om behandling kr\u00e4vs f\u00f6r att ing\u00e5\/fullg\u00f6ra avtal<\/li>\n<li><b>Samtycke<\/b>: f\u00f6r cookies och tekniker som inte \u00e4r n\u00f6dv\u00e4ndiga<\/li>\n<li><b>R\u00e4ttslig f\u00f6rpliktelse<\/b>: lagkrav (t.ex. bokf\u00f6ring)<\/li>\n<\/ul>\n<\/li>\n<li><b>Cookies och samtycke<\/b>\n<p class=\"p1\">N\u00e4r du bes\u00f6ker v\u00e5r webbplats anv\u00e4nder vi cookies och liknande tekniker&#8230;<\/p>\n<ul class=\"ul1\">\n<li>personalisera inneh\u00e5ll och annonser<\/li>\n<li>funktioner kopplade till sociala medier<\/li>\n<li>analysera trafik och anv\u00e4ndning<\/li>\n<li>dela information med leverant\u00f6rer<\/li>\n<\/ul>\n<\/li>\n<li><b>Hur l\u00e4nge vi sparar personuppgifter<\/b>\n<p class=\"p1\">Exempel:<\/p>\n<ul class=\"ul1\">\n<li>Kontakt\u00e4renden: under dialog + rimlig uppf\u00f6ljningstid<\/li>\n<li>Aff\u00e4rsrelationer\/avtal: enligt avtalstid + lagkrav<\/li>\n<li>Samtycke-baserad behandling: tills samtycket \u00e5terkallas<\/li>\n<\/ul>\n<\/li>\n<li><b>Vem vi delar personuppgifter med<\/b>\n<p class=\"p1\">Vi kan dela personuppgifter med betrodda leverant\u00f6rer&#8230;<\/p>\n<\/li>\n<li><b>Var personuppgifterna behandlas<\/b>\n<p class=\"p1\">Vi str\u00e4var efter att personuppgifter behandlas inom EU\/EES&#8230;<\/p>\n<\/li>\n<li><b>Dina r\u00e4ttigheter<\/b>\n<p class=\"p1\">Du har r\u00e4tt att:<\/p>\n<ul class=\"ul1\">\n<li>f\u00e5 tillg\u00e5ng till dina personuppgifter<\/li>\n<li>f\u00e5 felaktiga uppgifter r\u00e4ttade<\/li>\n<li>beg\u00e4ra radering<\/li>\n<li>inv\u00e4nda mot behandling<\/li>\n<li>beg\u00e4ra begr\u00e4nsning<\/li>\n<li>dataportabilitet i vissa fall<\/li>\n<\/ul>\n<p class=\"p1\">Kontakta: <b>hello@xpartnersgroup.com<\/b><\/p>\n<\/li>\n<li><b>Klagom\u00e5l till tillsynsmyndighet<\/b>\n<p class=\"p1\">Du kan l\u00e4mna klagom\u00e5l till Integritetsskyddsmyndigheten (IMY).<\/p>\n<\/li>\n<li><b>\u00c4ndringar i denna policy<\/b>\n<p class=\"p1\">Vi kan uppdatera denna policy vid behov&#8230;<\/p>\n<\/li>\n<\/ol>\n                        \n   \n\n","protected":false},"excerpt":{"rendered":"","protected":false},"author":1,"featured_media":0,"parent":0,"menu_order":0,"comment_status":"closed","ping_status":"closed","template":"templates\/single-page.php","meta":{"footnotes":""},"class_list":["post-5016","page","type-page","status-publish","hentry"],"acf":[],"yoast_head":"<!-- This site is optimized with the Yoast SEO plugin v25.3.1 - https:\/\/yoast.com\/wordpress\/plugins\/seo\/ -->\n<title>Data Integritetspolicy (GDPR) - XPartners<\/title>\n<meta name=\"robots\" content=\"index, follow, max-snippet:-1, max-image-preview:large, max-video-preview:-1\" \/>\n<link rel=\"canonical\" href=\"https:\/\/xpartnersgroup.com\/sv\/integritetspolicy\/\" \/>\n<meta property=\"og:locale\" content=\"sv_SE\" \/>\n<meta property=\"og:type\" content=\"article\" \/>\n<meta property=\"og:title\" content=\"Data Integritetspolicy (GDPR) - XPartners\" \/>\n<meta property=\"og:url\" content=\"https:\/\/xpartnersgroup.com\/sv\/integritetspolicy\/\" \/>\n<meta property=\"og:site_name\" content=\"XPartners\" \/>\n<meta property=\"article:modified_time\" content=\"2026-01-16T10:16:38+00:00\" \/>\n<meta name=\"twitter:card\" content=\"summary_large_image\" \/>\n<script type=\"application\/ld+json\" class=\"yoast-schema-graph\">{\"@context\":\"https:\/\/schema.org\",\"@graph\":[{\"@type\":\"WebPage\",\"@id\":\"https:\/\/xpartnersgroup.com\/sv\/integritetspolicy\/\",\"url\":\"https:\/\/xpartnersgroup.com\/sv\/integritetspolicy\/\",\"name\":\"Data Integritetspolicy (GDPR) - XPartners\",\"isPartOf\":{\"@id\":\"https:\/\/xpartnersgroup.com\/#website\"},\"datePublished\":\"2026-01-16T10:13:50+00:00\",\"dateModified\":\"2026-01-16T10:16:38+00:00\",\"breadcrumb\":{\"@id\":\"https:\/\/xpartnersgroup.com\/sv\/integritetspolicy\/#breadcrumb\"},\"inLanguage\":\"sv-SE\",\"potentialAction\":[{\"@type\":\"ReadAction\",\"target\":[\"https:\/\/xpartnersgroup.com\/sv\/integritetspolicy\/\"]}]},{\"@type\":\"BreadcrumbList\",\"@id\":\"https:\/\/xpartnersgroup.com\/sv\/integritetspolicy\/#breadcrumb\",\"itemListElement\":[{\"@type\":\"ListItem\",\"position\":1,\"name\":\"Home\",\"item\":\"https:\/\/xpartnersgroup.com\/sv\/\"},{\"@type\":\"ListItem\",\"position\":2,\"name\":\"Data Integritetspolicy (GDPR)\"}]},{\"@type\":\"WebSite\",\"@id\":\"https:\/\/xpartnersgroup.com\/#website\",\"url\":\"https:\/\/xpartnersgroup.com\/\",\"name\":\"XPartners\",\"description\":\"\",\"potentialAction\":[{\"@type\":\"SearchAction\",\"target\":{\"@type\":\"EntryPoint\",\"urlTemplate\":\"https:\/\/xpartnersgroup.com\/?s={search_term_string}\"},\"query-input\":{\"@type\":\"PropertyValueSpecification\",\"valueRequired\":true,\"valueName\":\"search_term_string\"}}],\"inLanguage\":\"sv-SE\"}]}<\/script>\n<!-- \/ Yoast SEO plugin. -->","yoast_head_json":{"title":"Data Integritetspolicy (GDPR) - XPartners","robots":{"index":"index","follow":"follow","max-snippet":"max-snippet:-1","max-image-preview":"max-image-preview:large","max-video-preview":"max-video-preview:-1"},"canonical":"https:\/\/xpartnersgroup.com\/sv\/integritetspolicy\/","og_locale":"sv_SE","og_type":"article","og_title":"Data Integritetspolicy (GDPR) - XPartners","og_url":"https:\/\/xpartnersgroup.com\/sv\/integritetspolicy\/","og_site_name":"XPartners","article_modified_time":"2026-01-16T10:16:38+00:00","twitter_card":"summary_large_image","schema":{"@context":"https:\/\/schema.org","@graph":[{"@type":"WebPage","@id":"https:\/\/xpartnersgroup.com\/sv\/integritetspolicy\/","url":"https:\/\/xpartnersgroup.com\/sv\/integritetspolicy\/","name":"Data Integritetspolicy (GDPR) - XPartners","isPartOf":{"@id":"https:\/\/xpartnersgroup.com\/#website"},"datePublished":"2026-01-16T10:13:50+00:00","dateModified":"2026-01-16T10:16:38+00:00","breadcrumb":{"@id":"https:\/\/xpartnersgroup.com\/sv\/integritetspolicy\/#breadcrumb"},"inLanguage":"sv-SE","potentialAction":[{"@type":"ReadAction","target":["https:\/\/xpartnersgroup.com\/sv\/integritetspolicy\/"]}]},{"@type":"BreadcrumbList","@id":"https:\/\/xpartnersgroup.com\/sv\/integritetspolicy\/#breadcrumb","itemListElement":[{"@type":"ListItem","position":1,"name":"Home","item":"https:\/\/xpartnersgroup.com\/sv\/"},{"@type":"ListItem","position":2,"name":"Data Integritetspolicy (GDPR)"}]},{"@type":"WebSite","@id":"https:\/\/xpartnersgroup.com\/#website","url":"https:\/\/xpartnersgroup.com\/","name":"XPartners","description":"","potentialAction":[{"@type":"SearchAction","target":{"@type":"EntryPoint","urlTemplate":"https:\/\/xpartnersgroup.com\/?s={search_term_string}"},"query-input":{"@type":"PropertyValueSpecification","valueRequired":true,"valueName":"search_term_string"}}],"inLanguage":"sv-SE"}]}},"_links":{"self":[{"href":"https:\/\/xpartnersgroup.com\/sv\/wp-json\/wp\/v2\/pages\/5016","targetHints":{"allow":["GET"]}}],"collection":[{"href":"https:\/\/xpartnersgroup.com\/sv\/wp-json\/wp\/v2\/pages"}],"about":[{"href":"https:\/\/xpartnersgroup.com\/sv\/wp-json\/wp\/v2\/types\/page"}],"author":[{"embeddable":true,"href":"https:\/\/xpartnersgroup.com\/sv\/wp-json\/wp\/v2\/users\/1"}],"replies":[{"embeddable":true,"href":"https:\/\/xpartnersgroup.com\/sv\/wp-json\/wp\/v2\/comments?post=5016"}],"version-history":[{"count":7,"href":"https:\/\/xpartnersgroup.com\/sv\/wp-json\/wp\/v2\/pages\/5016\/revisions"}],"predecessor-version":[{"id":5024,"href":"https:\/\/xpartnersgroup.com\/sv\/wp-json\/wp\/v2\/pages\/5016\/revisions\/5024"}],"wp:attachment":[{"href":"https:\/\/xpartnersgroup.com\/sv\/wp-json\/wp\/v2\/media?parent=5016"}],"curies":[{"name":"wp","href":"https:\/\/api.w.org\/{rel}","templated":true}]}}