{"id":1987,"date":"2025-07-05T15:45:36","date_gmt":"2025-07-05T15:45:36","guid":{"rendered":"https:\/\/xpartnersgroup.com\/?page_id=1987"},"modified":"2026-04-06T16:52:48","modified_gmt":"2026-04-06T16:52:48","slug":"kontakt","status":"publish","type":"page","link":"https:\/\/xpartnersgroup.com\/sv\/kontakt\/","title":{"rendered":"Kontakt"},"content":{"rendered":"    <section  class=\"sub-page-hero-alt\">\n        <div class=\"container\">\n            <div class=\"content\">\n                <div class=\"content-inner\">\n                    <div class=\"row\">\n                        <div class=\"col-lg-6\">\n                                                            <h1 class=\"text-3xl\">Kontakt<\/h1>\n                            \n                        <\/div>\n                        <div class=\"col-lg-6\">\n                            <p>Om du vill komma i kontakt med oss, n\u00e5 ett av v\u00e5ra bolag eller bara har en fr\u00e5ga \u2013 h\u00f6r av dig, s\u00e5 ser vi till att du f\u00e5r r\u00e4tt hj\u00e4lp.<\/p>\n                        <\/div>\n                    <\/div>\n              \n\n                <\/div>\n            <\/div>\n        <\/div>\n    <\/section>\n\n\n    <section  class=\"two-column-text-wraper\">\n        <div class=\"container\">\n            <div class=\"row row-gap-3 row-gap-md-4\">\n                <div class=\"col-lg-4\">\n                    <h2>Skicka oss ett<br \/>\nmeddelande<\/h2>\n                                    <\/div>\n                <div class=\"col-lg-8\">\n                    <script type=\"text\/javascript\">var gform;gform||(document.addEventListener(\"gform_main_scripts_loaded\",function(){gform.scriptsLoaded=!0}),window.addEventListener(\"DOMContentLoaded\",function(){gform.domLoaded=!0}),gform={domLoaded:!1,scriptsLoaded:!1,initializeOnLoaded:function(o){gform.domLoaded&&gform.scriptsLoaded?o():!gform.domLoaded&&gform.scriptsLoaded?window.addEventListener(\"DOMContentLoaded\",o):document.addEventListener(\"gform_main_scripts_loaded\",o)},hooks:{action:{},filter:{}},addAction:function(o,n,r,t){gform.addHook(\"action\",o,n,r,t)},addFilter:function(o,n,r,t){gform.addHook(\"filter\",o,n,r,t)},doAction:function(o){gform.doHook(\"action\",o,arguments)},applyFilters:function(o){return gform.doHook(\"filter\",o,arguments)},removeAction:function(o,n){gform.removeHook(\"action\",o,n)},removeFilter:function(o,n,r){gform.removeHook(\"filter\",o,n,r)},addHook:function(o,n,r,t,i){null==gform.hooks[o][n]&&(gform.hooks[o][n]=[]);var e=gform.hooks[o][n];null==i&&(i=n+\"_\"+e.length),gform.hooks[o][n].push({tag:i,callable:r,priority:t=null==t?10:t})},doHook:function(n,o,r){var t;if(r=Array.prototype.slice.call(r,1),null!=gform.hooks[n][o]&&((o=gform.hooks[n][o]).sort(function(o,n){return o.priority-n.priority}),o.forEach(function(o){\"function\"!=typeof(t=o.callable)&&(t=window[t]),\"action\"==n?t.apply(null,r):r[0]=t.apply(null,r)})),\"filter\"==n)return r[0]},removeHook:function(o,n,t,i){var r;null!=gform.hooks[o][n]&&(r=(r=gform.hooks[o][n]).filter(function(o,n,r){return!!(null!=i&&i!=o.tag||null!=t&&t!=o.priority)}),gform.hooks[o][n]=r)}});<\/script>\n                <div class='gf_browser_gecko gform_wrapper gravity-theme gform-theme--no-framework' data-form-theme='gravity-theme' data-form-index='0' id='gform_wrapper_1' >\n                        <div class='gform_heading'>\n                            <p class='gform_description'><\/p>\n                        <\/div><form method='post' enctype='multipart\/form-data'  id='gform_1'  action='\/sv\/wp-json\/wp\/v2\/pages\/1987' data-formid='1' novalidate>\n                        <div class='gform-body gform_body'><div id='gform_fields_1' class='gform_fields top_label form_sublabel_above description_above'><fieldset id=\"field_1_1\"  class=\"gfield gfield--type-name gfield--width-half gfield_contains_required field_sublabel_hidden_label gfield--no-description field_description_above hidden_label gfield_visibility_visible\"  data-js-reload=\"field_1_1\"><legend class='gfield_label gform-field-label gfield_label_before_complex'  >Namn<span class=\"gfield_required\"><span class=\"gfield_required gfield_required_text\">(Required)<\/span><\/span><\/legend><div class='ginput_complex ginput_container ginput_container--name no_prefix has_first_name no_middle_name no_last_name no_suffix gf_name_has_1 ginput_container_name gform-grid-row' id='input_1_1'>\n                            \n                            <span id='input_1_1_3_container' class='name_first gform-grid-col gform-grid-col--size-auto' >\n                                                    <input type='text' name='input_1.3' id='input_1_1_3' value=''   aria-required='true'   placeholder='Namn' autocomplete=\"given-name\" \/>\n                                                    <label for='input_1_1_3' class='gform-field-label gform-field-label--type-sub hidden_sub_label screen-reader-text'>Namn<\/label>\n                                                <\/span>\n                            \n                            \n                            \n                        <\/div><\/fieldset><div id=\"field_1_4\"  class=\"gfield gfield--type-email gfield--width-half gfield_contains_required field_sublabel_above gfield--no-description field_description_above hidden_label gfield_visibility_visible\"  data-js-reload=\"field_1_4\"><label class='gfield_label gform-field-label' for='input_1_4' >E-postadress<span class=\"gfield_required\"><span class=\"gfield_required gfield_required_text\">(Required)<\/span><\/span><\/label><div class='ginput_container ginput_container_email'>\n                            <input name='input_4' id='input_1_4' type='email' value='' class='large'   placeholder='E-postadress' aria-required=\"true\" aria-invalid=\"false\"  \/>\n                        <\/div><\/div><div class=\"spacer gfield\" style=\"grid-column: span 3;\"><\/div><div id=\"field_1_3\"  class=\"gfield gfield--type-textarea gfield--width-full gfield_contains_required field_sublabel_above gfield--no-description field_description_above hidden_label gfield_visibility_visible\"  data-js-reload=\"field_1_3\"><label class='gfield_label gform-field-label' for='input_1_3' >Meddelande<span class=\"gfield_required\"><span class=\"gfield_required gfield_required_text\">(Required)<\/span><\/span><\/label><div class='ginput_container ginput_container_textarea'><textarea name='input_3' id='input_1_3' class='textarea small'    placeholder='Meddelande' aria-required=\"true\" aria-invalid=\"false\"   rows='10' cols='50'><\/textarea><\/div><\/div><div class=\"spacer gfield\" style=\"grid-column: span 3;\"><\/div><div id=\"field_1_5\"  class=\"gfield gfield--type-captcha gfield--width-full field_sublabel_above gfield--no-description field_description_above hidden_label gfield_visibility_visible\"  data-js-reload=\"field_1_5\"><label class='gfield_label gform-field-label' for='input_1_5' >CAPTCHA<\/label><div id='input_1_5' class='ginput_container ginput_recaptcha' data-sitekey='6LdyQHcrAAAAAPCh79LtOKOQFjrlzbEL9UXx4Dnv'  data-theme='light' data-tabindex='0'  data-badge=''><\/div><\/div><div id=\"field_1_11\"  class=\"gfield gfield--type-html gfield--width-full text-sm gfield_html gfield_html_formatted gfield_no_follows_desc field_sublabel_above gfield--no-description field_description_above gfield_visibility_visible\"  data-js-reload=\"field_1_11\">Genom att klicka p\u00e5 &#8221;Skicka&#8221; godk\u00e4nner du att dina <a href=\"https:\/\/xpartnersgroup.com\/privacy-policy\/\">personuppgifter<\/a> lagras i enlighet med GDPR.<\/div><\/div><\/div>\n        <div class='gform_footer top_label'> <button id=\"gform_submit_button_1\" type=\"submit\" class=\"gform_button button\" onclick=\"if(window[&quot;gf_submitting_1&quot;]){return false;}  if( !jQuery(&quot;#gform_1&quot;)[0].checkValidity || jQuery(&quot;#gform_1&quot;)[0].checkValidity()){window[&quot;gf_submitting_1&quot;]=true;}  \"><span>Skicka<\/span><\/button> \n            <input type='hidden' class='gform_hidden' name='is_submit_1' value='1' \/>\n            <input type='hidden' class='gform_hidden' name='gform_submit' value='1' \/>\n            \n            <input type='hidden' class='gform_hidden' name='gform_unique_id' value='' \/>\n            <input type='hidden' class='gform_hidden' name='state_1' value='WyJbXSIsIjkyODI1MTYwMTlhZDI2YjcyNWNiMjZjOGNjMjc3ZWI2Il0=' \/>\n            <input type='hidden' class='gform_hidden' name='gform_target_page_number_1' id='gform_target_page_number_1' value='0' \/>\n            <input type='hidden' class='gform_hidden' name='gform_source_page_number_1' id='gform_source_page_number_1' value='1' \/>\n            <input type='hidden' name='gform_field_values' value='' \/>\n            \n        <\/div>\n                        <\/form>\n                        <\/div><script type=\"text\/javascript\">\n\/* <![CDATA[ *\/\n gform.initializeOnLoaded( function() {gformInitSpinner( 1, 'https:\/\/xpartnersgroup.com\/wp-content\/plugins\/gravityforms\/images\/spinner.svg', true );jQuery('#gform_ajax_frame_1').on('load',function(){var contents = jQuery(this).contents().find('*').html();var is_postback = contents.indexOf('GF_AJAX_POSTBACK') >= 0;if(!is_postback){return;}var form_content = jQuery(this).contents().find('#gform_wrapper_1');var is_confirmation = jQuery(this).contents().find('#gform_confirmation_wrapper_1').length > 0;var is_redirect = contents.indexOf('gformRedirect(){') >= 0;var is_form = form_content.length > 0 && ! is_redirect && ! is_confirmation;var mt = parseInt(jQuery('html').css('margin-top'), 10) + parseInt(jQuery('body').css('margin-top'), 10) + 100;if(is_form){jQuery('#gform_wrapper_1').html(form_content.html());if(form_content.hasClass('gform_validation_error')){jQuery('#gform_wrapper_1').addClass('gform_validation_error');} else {jQuery('#gform_wrapper_1').removeClass('gform_validation_error');}setTimeout( function() { \/* delay the scroll by 50 milliseconds to fix a bug in chrome *\/  }, 50 );if(window['gformInitDatepicker']) {gformInitDatepicker();}if(window['gformInitPriceFields']) {gformInitPriceFields();}var current_page = jQuery('#gform_source_page_number_1').val();gformInitSpinner( 1, 'https:\/\/xpartnersgroup.com\/wp-content\/plugins\/gravityforms\/images\/spinner.svg', true );jQuery(document).trigger('gform_page_loaded', [1, current_page]);window['gf_submitting_1'] = false;}else if(!is_redirect){var confirmation_content = jQuery(this).contents().find('.GF_AJAX_POSTBACK').html();if(!confirmation_content){confirmation_content = contents;}setTimeout(function(){jQuery('#gform_wrapper_1').replaceWith(confirmation_content);jQuery(document).trigger('gform_confirmation_loaded', [1]);window['gf_submitting_1'] = false;wp.a11y.speak(jQuery('#gform_confirmation_message_1').text());}, 50);}else{jQuery('#gform_1').append(contents);if(window['gformRedirect']) {gformRedirect();}}jQuery(document).trigger('gform_post_render', [1, current_page]);gform.utils.trigger({ event: 'gform\/postRender', native: false, data: { formId: 1, currentPage: current_page } });} );} ); \n\/* ]]&gt; *\/\n<\/script>\n\n                <\/div>\n            <\/div>\n        <\/div>\n    <\/section>\n\n\n\n    <section  class=\"two-column-text-wraper\">\n        <div class=\"container\">\n            <div class=\"row row-gap-3 row-gap-md-4\">\n                <div class=\"col-lg-4\">\n                    <h2>Adress<\/h2>\n<p>XPartners Group<br \/>\nSveav\u00e4gen 21<br \/>\n111 34 Stockholm<br \/>\nSverige<\/p>\n                                            <a class=\"btn btn-secondary\" href=\"https:\/\/www.google.com\/maps\/dir\/\/Sveav%C3%A4gen+21,+111+34+Stockholm,+Sverige\/@59.335671,17.9806068,12z\/data=!3m1!4b1!4m8!4m7!1m0!1m5!1m1!1s0x465f9d677db5cd83:0x29b9512f31f935a0!2m2!1d18.0630063!2d59.3356094?entry=ttu&#038;g_ep=EgoyMDI1MDgyNS4wIKXMDSoASAFQAw%3D%3D\" target=\"_blank\">\n                            V\u00e4gbeskrivning                            <svg width=\"26\" height=\"15\" viewBox=\"0 0 26 15\" fill=\"none\" xmlns=\"http:\/\/www.w3.org\/2000\/svg\">\n<path d=\"M1.9375 7.5H24.625M24.625 7.5L17.9219 1M24.625 7.5L17.9219 14\" stroke=\"black\" stroke-width=\"2\" stroke-linecap=\"round\" stroke-linejoin=\"round\"\/>\n<\/svg>\n                        <\/a>\n                                    <\/div>\n                <div class=\"col-lg-8\">\n                    <p><img loading=\"lazy\" decoding=\"async\" class=\"alignnone wp-image-758 rounded-5 \" src=\"http:\/\/xpartners.midnightmachines.io\/wp-content\/uploads\/2025\/06\/LocationMap-300x133.png\" alt=\"\" width=\"870\" height=\"386\" srcset=\"https:\/\/xpartnersgroup.com\/wp-content\/uploads\/2025\/06\/LocationMap-300x133.png 300w, https:\/\/xpartnersgroup.com\/wp-content\/uploads\/2025\/06\/LocationMap-1024x454.png 1024w, https:\/\/xpartnersgroup.com\/wp-content\/uploads\/2025\/06\/LocationMap-768x341.png 768w, https:\/\/xpartnersgroup.com\/wp-content\/uploads\/2025\/06\/LocationMap.png 1078w\" sizes=\"auto, (max-width: 870px) 100vw, 870px\" \/><\/p>\n                <\/div>\n            <\/div>\n        <\/div>\n    <\/section>\n\n\n\n    <section  class=\"section-promo-with-background-image\">\n\n        <div class=\"container\">\n            <div class=\"section-promo\">\n                <img loading=\"lazy\" decoding=\"async\" width=\"1196\" height=\"798\" src=\"https:\/\/xpartnersgroup.com\/wp-content\/uploads\/2025\/06\/Bech-Bruun-Sky-Lounge_Tomas-Bertelsen.png\" class=\"attachment-full size-full\" alt=\"\" srcset=\"https:\/\/xpartnersgroup.com\/wp-content\/uploads\/2025\/06\/Bech-Bruun-Sky-Lounge_Tomas-Bertelsen.png 1196w, https:\/\/xpartnersgroup.com\/wp-content\/uploads\/2025\/06\/Bech-Bruun-Sky-Lounge_Tomas-Bertelsen-300x200.png 300w, https:\/\/xpartnersgroup.com\/wp-content\/uploads\/2025\/06\/Bech-Bruun-Sky-Lounge_Tomas-Bertelsen-1024x683.png 1024w, https:\/\/xpartnersgroup.com\/wp-content\/uploads\/2025\/06\/Bech-Bruun-Sky-Lounge_Tomas-Bertelsen-768x512.png 768w\" sizes=\"auto, (max-width: 1196px) 100vw, 1196px\" \/>                <h2 class=\"text-3xl\">Kontakta v\u00e5r specialisters<\/h2>\n                                    <p>Vill du komma i kontakt med n\u00e5gon av v\u00e5ra specialisters? Kontakta dem h\u00e4r!<\/p>\n                                <div class=\"button-group-wraper\">\n                                            <a class=\"btn btn-ghost\" href=\"https:\/\/xpartnersgroup.com\/sv\/vara-specialister\/\" target=\"_self\">\n                            Hitta r\u00e4tt bolag h\u00e4r                            <svg width=\"26\" height=\"15\" viewBox=\"0 0 26 15\" fill=\"none\" xmlns=\"http:\/\/www.w3.org\/2000\/svg\">\n<path d=\"M1.9375 7.5H24.625M24.625 7.5L17.9219 1M24.625 7.5L17.9219 14\" stroke=\"black\" stroke-width=\"2\" stroke-linecap=\"round\" stroke-linejoin=\"round\"\/>\n<\/svg>\n                        <\/a>\n                                    <\/div>\n            <\/div>\n        <\/div>\n    <\/section>\n","protected":false},"excerpt":{"rendered":"","protected":false},"author":1,"featured_media":0,"parent":0,"menu_order":0,"comment_status":"closed","ping_status":"closed","template":"","meta":{"footnotes":""},"class_list":["post-1987","page","type-page","status-publish","hentry"],"acf":[],"yoast_head":"<!-- This site is optimized with the Yoast SEO plugin v25.3.1 - https:\/\/yoast.com\/wordpress\/plugins\/seo\/ -->\n<title>Kontakt oss<\/title>\n<meta name=\"description\" content=\"Om du vill komma i kontakt med oss, n\u00e5 ett av v\u00e5ra bolag eller bara har en fr\u00e5ga \u2013 h\u00f6r av dig, s\u00e5 ser vi till att du f\u00e5r r\u00e4tt hj\u00e4lp.\" \/>\n<meta name=\"robots\" content=\"index, follow, max-snippet:-1, max-image-preview:large, max-video-preview:-1\" \/>\n<link rel=\"canonical\" href=\"https:\/\/xpartnersgroup.com\/sv\/kontakt\/\" \/>\n<meta property=\"og:locale\" content=\"sv_SE\" \/>\n<meta property=\"og:type\" content=\"article\" \/>\n<meta property=\"og:title\" content=\"Kontakt oss\" \/>\n<meta property=\"og:description\" content=\"Om du vill komma i kontakt med oss, n\u00e5 ett av v\u00e5ra bolag eller bara har en fr\u00e5ga \u2013 h\u00f6r av dig, s\u00e5 ser vi till att du f\u00e5r r\u00e4tt hj\u00e4lp.\" \/>\n<meta property=\"og:url\" content=\"https:\/\/xpartnersgroup.com\/sv\/kontakt\/\" \/>\n<meta property=\"og:site_name\" content=\"XPartners\" \/>\n<meta property=\"article:modified_time\" content=\"2026-04-06T16:52:48+00:00\" \/>\n<meta property=\"og:image\" content=\"https:\/\/xpartnersgroup.com\/wp-content\/uploads\/2025\/06\/Nykredit-23_Kontraframe.png\" \/>\n\t<meta property=\"og:image:width\" content=\"588\" \/>\n\t<meta property=\"og:image:height\" content=\"702\" \/>\n\t<meta property=\"og:image:type\" content=\"image\/png\" \/>\n<meta name=\"twitter:card\" content=\"summary_large_image\" \/>\n<script type=\"application\/ld+json\" class=\"yoast-schema-graph\">{\"@context\":\"https:\/\/schema.org\",\"@graph\":[{\"@type\":\"WebPage\",\"@id\":\"https:\/\/xpartnersgroup.com\/sv\/kontakt\/\",\"url\":\"https:\/\/xpartnersgroup.com\/sv\/kontakt\/\",\"name\":\"Kontakt oss\",\"isPartOf\":{\"@id\":\"https:\/\/xpartnersgroup.com\/#website\"},\"datePublished\":\"2025-07-05T15:45:36+00:00\",\"dateModified\":\"2026-04-06T16:52:48+00:00\",\"description\":\"Om du vill komma i kontakt med oss, n\u00e5 ett av v\u00e5ra bolag eller bara har en fr\u00e5ga \u2013 h\u00f6r av dig, s\u00e5 ser vi till att du f\u00e5r r\u00e4tt hj\u00e4lp.\",\"breadcrumb\":{\"@id\":\"https:\/\/xpartnersgroup.com\/sv\/kontakt\/#breadcrumb\"},\"inLanguage\":\"sv-SE\",\"potentialAction\":[{\"@type\":\"ReadAction\",\"target\":[\"https:\/\/xpartnersgroup.com\/sv\/kontakt\/\"]}]},{\"@type\":\"BreadcrumbList\",\"@id\":\"https:\/\/xpartnersgroup.com\/sv\/kontakt\/#breadcrumb\",\"itemListElement\":[{\"@type\":\"ListItem\",\"position\":1,\"name\":\"Home\",\"item\":\"https:\/\/xpartnersgroup.com\/sv\/\"},{\"@type\":\"ListItem\",\"position\":2,\"name\":\"Kontakt\"}]},{\"@type\":\"WebSite\",\"@id\":\"https:\/\/xpartnersgroup.com\/#website\",\"url\":\"https:\/\/xpartnersgroup.com\/\",\"name\":\"XPartners\",\"description\":\"\",\"potentialAction\":[{\"@type\":\"SearchAction\",\"target\":{\"@type\":\"EntryPoint\",\"urlTemplate\":\"https:\/\/xpartnersgroup.com\/?s={search_term_string}\"},\"query-input\":{\"@type\":\"PropertyValueSpecification\",\"valueRequired\":true,\"valueName\":\"search_term_string\"}}],\"inLanguage\":\"sv-SE\"}]}<\/script>\n<!-- \/ Yoast SEO plugin. -->","yoast_head_json":{"title":"Kontakt oss","description":"Om du vill komma i kontakt med oss, n\u00e5 ett av v\u00e5ra bolag eller bara har en fr\u00e5ga \u2013 h\u00f6r av dig, s\u00e5 ser vi till att du f\u00e5r r\u00e4tt hj\u00e4lp.","robots":{"index":"index","follow":"follow","max-snippet":"max-snippet:-1","max-image-preview":"max-image-preview:large","max-video-preview":"max-video-preview:-1"},"canonical":"https:\/\/xpartnersgroup.com\/sv\/kontakt\/","og_locale":"sv_SE","og_type":"article","og_title":"Kontakt oss","og_description":"Om du vill komma i kontakt med oss, n\u00e5 ett av v\u00e5ra bolag eller bara har en fr\u00e5ga \u2013 h\u00f6r av dig, s\u00e5 ser vi till att du f\u00e5r r\u00e4tt hj\u00e4lp.","og_url":"https:\/\/xpartnersgroup.com\/sv\/kontakt\/","og_site_name":"XPartners","article_modified_time":"2026-04-06T16:52:48+00:00","og_image":[{"width":588,"height":702,"url":"https:\/\/xpartnersgroup.com\/wp-content\/uploads\/2025\/06\/Nykredit-23_Kontraframe.png","type":"image\/png"}],"twitter_card":"summary_large_image","schema":{"@context":"https:\/\/schema.org","@graph":[{"@type":"WebPage","@id":"https:\/\/xpartnersgroup.com\/sv\/kontakt\/","url":"https:\/\/xpartnersgroup.com\/sv\/kontakt\/","name":"Kontakt oss","isPartOf":{"@id":"https:\/\/xpartnersgroup.com\/#website"},"datePublished":"2025-07-05T15:45:36+00:00","dateModified":"2026-04-06T16:52:48+00:00","description":"Om du vill komma i kontakt med oss, n\u00e5 ett av v\u00e5ra bolag eller bara har en fr\u00e5ga \u2013 h\u00f6r av dig, s\u00e5 ser vi till att du f\u00e5r r\u00e4tt hj\u00e4lp.","breadcrumb":{"@id":"https:\/\/xpartnersgroup.com\/sv\/kontakt\/#breadcrumb"},"inLanguage":"sv-SE","potentialAction":[{"@type":"ReadAction","target":["https:\/\/xpartnersgroup.com\/sv\/kontakt\/"]}]},{"@type":"BreadcrumbList","@id":"https:\/\/xpartnersgroup.com\/sv\/kontakt\/#breadcrumb","itemListElement":[{"@type":"ListItem","position":1,"name":"Home","item":"https:\/\/xpartnersgroup.com\/sv\/"},{"@type":"ListItem","position":2,"name":"Kontakt"}]},{"@type":"WebSite","@id":"https:\/\/xpartnersgroup.com\/#website","url":"https:\/\/xpartnersgroup.com\/","name":"XPartners","description":"","potentialAction":[{"@type":"SearchAction","target":{"@type":"EntryPoint","urlTemplate":"https:\/\/xpartnersgroup.com\/?s={search_term_string}"},"query-input":{"@type":"PropertyValueSpecification","valueRequired":true,"valueName":"search_term_string"}}],"inLanguage":"sv-SE"}]}},"_links":{"self":[{"href":"https:\/\/xpartnersgroup.com\/sv\/wp-json\/wp\/v2\/pages\/1987","targetHints":{"allow":["GET"]}}],"collection":[{"href":"https:\/\/xpartnersgroup.com\/sv\/wp-json\/wp\/v2\/pages"}],"about":[{"href":"https:\/\/xpartnersgroup.com\/sv\/wp-json\/wp\/v2\/types\/page"}],"author":[{"embeddable":true,"href":"https:\/\/xpartnersgroup.com\/sv\/wp-json\/wp\/v2\/users\/1"}],"replies":[{"embeddable":true,"href":"https:\/\/xpartnersgroup.com\/sv\/wp-json\/wp\/v2\/comments?post=1987"}],"version-history":[{"count":10,"href":"https:\/\/xpartnersgroup.com\/sv\/wp-json\/wp\/v2\/pages\/1987\/revisions"}],"predecessor-version":[{"id":5719,"href":"https:\/\/xpartnersgroup.com\/sv\/wp-json\/wp\/v2\/pages\/1987\/revisions\/5719"}],"wp:attachment":[{"href":"https:\/\/xpartnersgroup.com\/sv\/wp-json\/wp\/v2\/media?parent=1987"}],"curies":[{"name":"wp","href":"https:\/\/api.w.org\/{rel}","templated":true}]}}